{"id":6,"date":"2022-07-29T11:34:35","date_gmt":"2022-07-29T11:34:35","guid":{"rendered":"https:\/\/reichsbuero.de\/?page_id=6"},"modified":"2023-09-19T14:16:45","modified_gmt":"2023-09-19T14:16:45","slug":"personenstandsregister","status":"publish","type":"page","link":"https:\/\/reichsbuero.de\/","title":{"rendered":"Personenstandsregister"},"content":{"rendered":"\n<p>Werte Reichs- und Staatsangeh\u00f6rige, liebe Menschen,<\/p>\n\n\n\n<p>Das rechtsf\u00e4hige Deutsche Reich ist zu keiner Zeit untergegangen und wird in den Staatsgrenzen zum 31. Juli 1914 durch die Verfassung des Deutschen Reiches beschrieben. Somit ist das Reichs- und Staatsangeh\u00f6rigkeitsgesetz (RuStaG) von 1913 des Deutschen Reiches anzuwenden.<\/p>\n\n\n\n<p>Der urkundlich bescheinigte Eintrag in das Personenstandsregister des Deutschen Reiches ist der einzige Nachweis, da\u00df Sie von Geburt als nat\u00fcrliche Person nach RuStaG 1913 Deutscher Reichs- und Staatangeh\u00f6riger sind und dessen rechtlichen Schutz genie\u00dfen.<br>Der Bundesrat entschied, da\u00df alle bis zum 19. Juni 2021 von Herrn Erhard Lorenz ausgestellten Ausweise ihre G\u00fcltigkeit behalten, nachzulesen in der Proklamation vom 19. Juni 2021 und vom 25. Juni 2021 im Deutschen Reichsanzeiger, dem amtlichen Mitteilungsblattes des Deutschen Reiches:<\/p>\n\n\n\n<p><a href=\"https:\/\/deutscherreichsanzeiger.info\/wp-content\/uploads\/6538-Proklamation-ueber-die-Handlungsfaehigkeit-des-obersten-Souveraen-des-Deutschen-Reichs.-Vom-25.-Juni-2021.pdf\" target=\"_blank\" rel=\"noreferrer noopener\">Proklamatio<\/a><a href=\"https:\/\/deutscherreichsanzeiger.info\/wp-content\/uploads\/6538-Proklamation-ueber-die-Handlungsfaehigkeit-des-obersten-Souveraen-des-Deutschen-Reichs.-Vom-25.-Juni-2021.pdf\">n<\/a><\/p>\n\n\n\n<p>Ausgestellte Urkunden sind nur mit dem Amtssiegel des Deutschen Reiches und mit der Unterschrift eines Urkundsbeamten g\u00fcltig. Die von einem Herrn Erhard Lorenz unter vors\u00e4tzlicher T\u00e4uschung und Mangels Legitimation unterzeichneten Urkunden sind ung\u00fcltig und besitzen keine Rechtskraft.<\/p>\n\n\n\n<p>Um in das, gem\u00e4\u00df der Verfassung des Deutschen Reiches eingerichtete Personenstandsregister eingetragen werden zu k\u00f6nnen, erfordert es einen Antrag auf Eintrag in das Personenstandsregister des Deutschen Reiches zu stellen.<\/p>\n\n\n\n<p>Der kostenfreie Eintrag in das Personenstandsregister ist f\u00fcr Sie verpflichtend.<\/p>\n\n\n\n<p>Das entsprechende Antragsformular und weitere Informationen finden Sie unter:<\/p>\n\n\n\n<p><a href=\"https:\/\/reichsbuero.de\/\">reichsbuero.de<\/a><\/p>\n\n\n\n<p>Sollten Sie nur einen Eintrag in das Personenstandsregister w\u00fcnschen, vermerken Sie dies bitte handschriftlich auf dem Antragsformular unter Bemerkungen.<\/p>\n\n\n\n<p>Wenn Sie neue Ausweise und auch Urkunden w\u00fcnschen, die f\u00fcr Sie kostenpflichtig sind, kreuzen Sie das bitte auf dem Antragsformular zur Weiterleitung an die Reichsdruckerei an.<\/p>\n\n\n\n<p>Die Beantragung der Ausweise und Urkunden erfolgt unter:<\/p>\n\n\n\n<p><a href=\"mailto:personenstandsregister@reichsbuero.de\">personenstandsregister@reichsbuero.de<\/a><\/p>\n\n\n\n<p>Im Artikel 5 der Verfassung des Deutschen Reiches hei\u00dft es: \u201cDie Reichsgesetzgebung wird ausge\u00fcbt durch den Bundesrath und den Reichstag.\u201c<\/p>\n\n\n\n<p>Die vom Bundesrat beschlossenen Gesetze bed\u00fcrfen der Zustimmung des Reichstages.<\/p>\n\n\n\n<p>Im Deutschen Reich gelten uneingeschr\u00e4nkt die bis zum 28. Oktober 1918 beschlossenen und nie au\u00dfer Kraft gesetzten Reichsgesetze.<\/p>\n\n\n\n<p>Im Artikel 2 der Verfassung des Deutschen Reiches hei\u00dft es: \u201c&#8230;, da\u00df die Reichsgesetze den Landesgesetzen vorgehen.\u201c<\/p>\n\n\n\n<p>Somit kann die vom Vereinigten Wirtschaftsgebiet angewandte Gesetzgebung h\u00f6chstens nur Landesrecht sein.<\/p>\n\n\n\n<p class=\"has-text-align-center\">Die Zentrale der Reichsb\u00fcros<\/p>\n","protected":false},"excerpt":{"rendered":"<p>Werte Reichs- und Staatsangeh\u00f6rige, liebe Menschen, Das rechtsf\u00e4hige Deutsche Reich ist zu keiner Zeit untergegangen und wird in den Staatsgrenzen zum 31. Juli 1914 durch die Verfassung des Deutschen Reiches beschrieben. Somit ist das Reichs- und Staatsangeh\u00f6rigkeitsgesetz (RuStaG) von 1913 des Deutschen Reiches anzuwenden. Der urkundlich bescheinigte Eintrag in das Personenstandsregister des Deutschen Reiches ist &#8230; <a title=\"Personenstandsregister\" class=\"read-more\" href=\"https:\/\/reichsbuero.de\/\" aria-label=\"Mehr zu Personenstandsregister\">Weiterlesen &#8230;<\/a><\/p>\n","protected":false},"author":1,"featured_media":0,"parent":0,"menu_order":0,"comment_status":"closed","ping_status":"closed","template":"","meta":{"footnotes":""},"class_list":["post-6","page","type-page","status-publish"],"_links":{"self":[{"href":"https:\/\/reichsbuero.de\/index.php?rest_route=\/wp\/v2\/pages\/6","targetHints":{"allow":["GET"]}}],"collection":[{"href":"https:\/\/reichsbuero.de\/index.php?rest_route=\/wp\/v2\/pages"}],"about":[{"href":"https:\/\/reichsbuero.de\/index.php?rest_route=\/wp\/v2\/types\/page"}],"author":[{"embeddable":true,"href":"https:\/\/reichsbuero.de\/index.php?rest_route=\/wp\/v2\/users\/1"}],"replies":[{"embeddable":true,"href":"https:\/\/reichsbuero.de\/index.php?rest_route=%2Fwp%2Fv2%2Fcomments&post=6"}],"version-history":[{"count":6,"href":"https:\/\/reichsbuero.de\/index.php?rest_route=\/wp\/v2\/pages\/6\/revisions"}],"predecessor-version":[{"id":55,"href":"https:\/\/reichsbuero.de\/index.php?rest_route=\/wp\/v2\/pages\/6\/revisions\/55"}],"wp:attachment":[{"href":"https:\/\/reichsbuero.de\/index.php?rest_route=%2Fwp%2Fv2%2Fmedia&parent=6"}],"curies":[{"name":"wp","href":"https:\/\/api.w.org\/{rel}","templated":true}]}}